{"id":694,"date":"2017-09-21T13:56:09","date_gmt":"2017-09-21T11:56:09","guid":{"rendered":"http:\/\/relaunch.natur-und-sport.de\/?page_id=694"},"modified":"2018-12-07T09:46:50","modified_gmt":"2018-12-07T08:46:50","slug":"impressum","status":"publish","type":"page","link":"https:\/\/natur-und-sport.de\/index.php\/impressum\/","title":{"rendered":"Impressum"},"content":{"rendered":"<div class=\"flex_column av_one_full  flex_column_div av-zero-column-padding first  \" style='border-radius:0px; '><div style='padding-bottom:10px; font-size:40px;' class='av-special-heading av-special-heading-h3  blockquote modern-quote  av-inherit-size '><h3 class='av-special-heading-tag '  itemprop=\"headline\"  >Impressum<\/h3><div class='special-heading-border'><div class='special-heading-inner-border' ><\/div><\/div><\/div><\/div>\n<div class=\"flex_column av_one_half  flex_column_div av-zero-column-padding first  \" style='border-radius:0px; '><section class=\"av_textblock_section \"  itemscope=\"itemscope\" itemtype=\"https:\/\/schema.org\/CreativeWork\" ><div class='avia_textblock  av_inherit_color '  style='color:#000000; '  itemprop=\"text\" ><p class=\"copy\"><strong>Natur und Sport Sportartikelvertriebs GmbH<\/strong><\/p>\n<p class=\"copy\">Gesch\u00e4ftsf\u00fchrer: Detlev Koch \u00b7 Ulrich Syrek<\/p>\n<p class=\"copy\">USt. ID-Nr. 151586296<br \/>\nAmtsgericht K\u00f6ln<br \/>\nHRB 39027<\/p>\n<p class=\"copy\">Industriestra\u00dfe 1a<br \/>\n51643 Gummersbach<\/p>\n<p class=\"copy\">Tel. 02261-27153<br \/>\nFax 02261-66124<br \/>\ninfo@natur-und-sport.de<br \/>\nwww.natur-und-sport.de<\/p>\n<\/div><\/section><\/div>\n<div class=\"flex_column av_one_half  flex_column_div av-zero-column-padding   \" style='border-radius:0px; '><section class=\"av_textblock_section \"  itemscope=\"itemscope\" itemtype=\"https:\/\/schema.org\/CreativeWork\" ><div class='avia_textblock  av_inherit_color '  style='color:#000000; '  itemprop=\"text\" ><p>Inhaltlich Verantwortlicher gem\u00e4\u00df \u00a7 MDStV: Detlev Koch<\/p>\n<p><span class=\"Stil4\">Die Natur und Sport GmbH und von ihr beauftragte Datenlieferanten pr\u00fcfen und aktualisieren laufend die Informationen auf diesen Internetseiten. Trotz aller Sorgfalt k\u00f6nnen sich Daten inzwischen ver\u00e4ndert haben. Daher kann die Natur und Sport GmbH und von ihr beauftragte Datenlieferanten f\u00fcr die Aktualit\u00e4t, die Richtigkeit und die Vollst\u00e4ndigkeit der auf diesen Internetseiten zur Verf\u00fcgung gestellten Informationen keine Haftung oder Garantie \u00fcbernehmen.<br \/>\nDiese Informationen sind ein Service von Natur und Sport GmbH und ersetzen keine pers\u00f6nliche Beratung durch uns.<br \/>\nDie Natur und Sport GmbH beh\u00e4lt sich desweiteren das Recht vor, \u00c4nderungen oder Erg\u00e4nzungen der bereitgestellten Informationen vorzunehmen. Die Haftung ist auf Vorsatz und grobe Fahrl\u00e4ssigkeit beschr\u00e4nkt.<br \/>\nSofern die Natur und Sport GmbH mittels eines Hyperlinks auf andere Internetseiten verweist, die Angebote und Inhalte Dritter darstellen, macht sie sich die dortigen Daten und Inhalte nicht zu eigen und \u00fcbernimmt keine Haftung. Dies gilt auch, soweit Internetseiten von der Natur und Sport GmbH ohne unser Wissen von Internetseiten Dritter angelinkt werden k\u00f6nnen.<\/span><\/p>\n<p>Die Inhalte und die Struktur der Internetseiten der <span class=\"Stil4\">Natur und Sport GmbH<\/span> sind urheberrechtlich gesch\u00fctzt. Die Vervielf\u00e4ltigung von Informationen oder Daten, insbesondere die Verwendung von Bildmaterial, Texten oder Textteilen, bedarf unserer vorherigen schriftlichen Zustimmung. Der User darf den Inhalt nur im Rahmen der angebotenen Funktionalit\u00e4ten der Webseiten f\u00fcr seinen pers\u00f6nlichen Gebrauch nutzen. Er erwirbt keine Rechte an den Inhalten oder oder zur Verf\u00fcgung gestellten Daten.<br \/>\nLinks auf unsere Internetseiten sind nur nach vorheriger Zustimmung zul\u00e4ssig. Die Vertraulichkeit der per E-Mail \u00fcbermittelten Daten ist nicht gesichert.<br \/>\nDie im Internetauftritt verwendeten Marken und Logos sind gesch\u00fctzt. Es ist nicht gestattet, diese ohne vorherige Zustimmung der <span class=\"Stil4\">Natur und Sport GmbH<\/span> zu nutzen.<\/p>\n<\/div><\/section><\/div>\n","protected":false},"excerpt":{"rendered":"","protected":false},"author":1,"featured_media":0,"parent":0,"menu_order":0,"comment_status":"closed","ping_status":"closed","template":"","meta":[],"_links":{"self":[{"href":"https:\/\/natur-und-sport.de\/index.php\/wp-json\/wp\/v2\/pages\/694"}],"collection":[{"href":"https:\/\/natur-und-sport.de\/index.php\/wp-json\/wp\/v2\/pages"}],"about":[{"href":"https:\/\/natur-und-sport.de\/index.php\/wp-json\/wp\/v2\/types\/page"}],"author":[{"embeddable":true,"href":"https:\/\/natur-und-sport.de\/index.php\/wp-json\/wp\/v2\/users\/1"}],"replies":[{"embeddable":true,"href":"https:\/\/natur-und-sport.de\/index.php\/wp-json\/wp\/v2\/comments?post=694"}],"version-history":[{"count":3,"href":"https:\/\/natur-und-sport.de\/index.php\/wp-json\/wp\/v2\/pages\/694\/revisions"}],"predecessor-version":[{"id":857,"href":"https:\/\/natur-und-sport.de\/index.php\/wp-json\/wp\/v2\/pages\/694\/revisions\/857"}],"wp:attachment":[{"href":"https:\/\/natur-und-sport.de\/index.php\/wp-json\/wp\/v2\/media?parent=694"}],"curies":[{"name":"wp","href":"https:\/\/api.w.org\/{rel}","templated":true}]}}