{"id":699,"date":"2017-09-21T14:03:41","date_gmt":"2017-09-21T12:03:41","guid":{"rendered":"http:\/\/relaunch.natur-und-sport.de\/?page_id=699"},"modified":"2018-11-26T10:08:29","modified_gmt":"2018-11-26T09:08:29","slug":"datenschutzbelehrung","status":"publish","type":"page","link":"https:\/\/natur-und-sport.de\/index.php\/datenschutzbelehrung\/","title":{"rendered":"Datenschutzbelehrung"},"content":{"rendered":"<div class=\"flex_column av_one_full  flex_column_div av-zero-column-padding first  \" style='border-radius:0px; '><div style='padding-bottom:10px; font-size:40px;' class='av-special-heading av-special-heading-h3  blockquote modern-quote  av-inherit-size '><h3 class='av-special-heading-tag '  itemprop=\"headline\"  >Datenschutzbelehrung<\/h3><div class='special-heading-border'><div class='special-heading-inner-border' ><\/div><\/div><\/div><\/div>\n<div class=\"flex_column av_one_half  flex_column_div av-zero-column-padding first  \" style='border-radius:0px; '><section class=\"av_textblock_section \"  itemscope=\"itemscope\" itemtype=\"https:\/\/schema.org\/CreativeWork\" ><div class='avia_textblock  av_inherit_color '  style='color:#000000; '  itemprop=\"text\" ><p>Wir nehmen den Schutz Ihrer pers\u00f6nlichen Daten sehr ernst und m\u00f6chten, dass Sie sich auf unserer Website wohl f\u00fchlen. Daher behandeln wir Ihre personenbezogenen Daten vertraulich und entsprechend den gesetzlichen Datenschutzvorschriften sowie dieser Datenschutzerkl\u00e4rung. Nachfolgend m\u00f6chten wir Sie \u00fcber die Verarbeitung personenbezogener Daten im Rahmen der Nutzung unserer Internetseite informieren.<\/p>\n<p><strong>1. Verantwortlicher f\u00fcr die Datenverarbeitung<\/strong><\/p>\n<p>Verantwortlicher f\u00fcr die Verarbeitung personenbezogener Daten auf dieser Website ist:<\/p>\n<p><strong>Natur und Sport Sportartikelvertriebs GmbH<\/strong><\/p>\n<p>Industriestra\u00dfe 1a<br \/>\nD-51643 Gummersbach<\/p>\n<p>Tel.: +49 2261 . 27153<br \/>\nE-Mail: info@natur-und-sport.de<\/p>\n<p><strong>2. Allgemeines<\/strong><\/p>\n<p>Hinsichtlich der in dieser Datenschutzerkl\u00e4rung verwendeten Begrifflichkeiten verweisen wir auf die Definitionen in Art. 4 DSGVO.<\/p>\n<p>Beim Besuch unserer Website werden personenbezogene Daten, wie z.B. Bestandsdaten, Kontaktdaten, Inhaltsdaten, Vertragsdaten, Nutzungsdaten und Meta- und Kommunikationsdaten von Kunden, Interessenten und Besuchern dieses Onlineangebotes, verarbeitet.<\/p>\n<p>Die Rechtsgrundlage f\u00fcr die Verarbeitung der Daten findet sich in Art. 6 Abs. 1 DSGVO. Soweit die Verarbeitung der Daten auf der Grundlage unseres berechtigten Interesses erfolgt, ist Rechtsgrundlage Art. 6 Abs. 1 lit. f DSGVO, wobei unser berechtigtes Interesse in der Regel der sichere und effiziente Betrieb dieses Onlineangebots oder unser wirtschaftliches Interesse ist.<\/p>\n<p>Wenn wir Ihre Daten auf Grundlage einer von Ihnen erteilten Einwilligung verarbeiten, ist Rechtsgrundlage Art. 6 Abs. 1 lit. a und Art. 7 DSGVO. Wenn wir Ihre Daten verarbeiten, um unsere eigenen Verpflichtungen zu erf\u00fcllen, ist Art. 6 Abs. 1 lit. c DSGVO hierf\u00fcr die Rechtsgrundlage.<\/p>\n<p>Machen lebenswichtige Interessen der betroffenen Person oder einer anderen nat\u00fcrlichen Person die Verarbeitung personenbezogener Daten erforderlich, ist Art. 6 Abs. 1 lit. d DSGVO die Rechtsgrundlage f\u00fcr die Verarbeitung.<\/p>\n<p>F\u00fcr den Betrieb dieser Website setzen wir externe Dienstleister ein. Hierbei kann es vorkommen, dass diese Kenntnis ihrer personenbezogenen Daten erlangen.<\/p>\n<p>Die Zusammenarbeit im Rahmen eines Auftragsverarbeitungsverh\u00e4ltnisses mit externen Dienstleistern erfolgt grunds\u00e4tzlich auf Basis eines Auftragsverarbeitungsvertrags (Art. 28 DSGVO), sowie auf Grundlage unserer berechtigten Interessen an einer effizienten und sicheren Zurverf\u00fcgungstellung dieses Onlineangebotes oder unseres wirtschaftlichen Interesses, auf Grundlage einer von Ihnen erteilten Einwilligung oder auf Grundlage einer gesetzlichen Erlaubnis (z.B. wenn die \u00dcbermittlung f\u00fcr die Erf\u00fcllung eines Vertrags notwendig ist).<\/p>\n<p>Jeder Dienstleister wird vor der Zusammenarbeit \u00fcberpr\u00fcft. Hierbei werfen wir insbesondere einen kritischen Blick auf die von ihm zum Datenschutz und zur Datensicherheit getroffenen technischen und organisatorischen Ma\u00dfnahmen. Nur, wenn sichergestellt ist, dass die gesetzlich vorgesehenen vertraglichen Regelungen zum Schutz Ihrer personenbezogenen Daten eingehalten werden, findet eine Zusammenarbeit statt.<\/p>\n<p><strong>3. Cookies<\/strong><\/p>\n<p>Wir verwenden Cookies um Ihnen den Besuch unserer Website so attraktiv wie m\u00f6glich zu gestalten und Ihnen die Nutzung bestimmter Funktionen zu erm\u00f6glichen. Cookies sind kleine Textdateien, die \u00fcber Ihren Browser auf Ihrem Endger\u00e4t abgelegt werden.<\/p>\n<p>Unterschieden wird hierbei zwischen Session-Cookies, diese werden mit Beendigung des Besuchs unserer Website von Ihrem Browsers automatisch gel\u00f6scht und Cookies, die es erm\u00f6glichen, Ihren Browser beim n\u00e4chsten Besuch unserer Website wiederzuerkennen (persistente Cookies). Wir verwenden ein Cookie, um z.B. die Spracheinstellungen auf unserer Website einzustellen. Diese Daten werden beim verlassen der Website gel\u00f6scht.<\/p>\n<p>Soweit die von uns eingesetzten Cookies personenbezogene Daten verarbeiten, erfolgt die Verarbeitung in der Regel entweder auf Grundlage einer Einwilligung oder gem\u00e4\u00df Art. 6 Abs. 1 lit. b DSGVO zur Durchf\u00fchrung eines Vertrages oder gem\u00e4\u00df Art. 6 Abs. 1 lit. f DSGVO zur Wahrung unserer berechtigten Interessen, wobei unser berechtigtes Interesse darin besteht, Ihnen einen besonders kundenfreundlichen Besuch unserer Website zu erm\u00f6glichen, sowie f\u00fcr eine reibungslose Nutzung unserer Website zu sorgen oder aufgrund unseres wirtschaftlichen Interesses.<\/p>\n<p>Wenn Sie die Nutzung von Cookies einschr\u00e4nken m\u00f6chten, k\u00f6nnen Sie die entsprechenden Einstellungen in Ihrem Browser vornehmen. Sie k\u00f6nnen sich \u00fcber das Setzen von Cookies informieren lassen, einzeln \u00fcber deren Annahme entscheiden oder die Annahme von Cookies f\u00fcr bestimmte F\u00e4lle oder generell ausschlie\u00dfen. Wie Sie die Einstellungen vornehmen bzw. \u00e4ndern k\u00f6nnen, finden Sie unter folgenden Links:<\/p>\n<p>Internet Explorer:<\/p>\n<p>https:\/\/windows.microsoft.com\/de-DE\/windows-vista\/Block-or-allow-cookies<br \/>\nFirefox:<\/p>\n<p>https:\/\/support.mozilla.org\/de\/kb\/cookies-erlauben-und-ablehnen<br \/>\nChrome: https:\/\/support.google.com\/chrome\/bin\/answer.py?hl=de&amp;hlrm=en&amp;answer=95647<br \/>\nSafari:<\/p>\n<p>https:\/\/support.apple.com\/kb\/ph21411?locale=de_DE<br \/>\nOpera:<\/p>\n<p><a href=\"https:\/\/help.opera.com\/Windows\/10.20\/de\/cookies.html\">https:\/\/help.opera.com\/Windows\/10.20\/de\/cookies.html<\/a><\/p>\n<p>Soweit Cookies von Drittanbietern zum Einsatz kommen, werden wir an entsprechender Stelle in dieser Datenschutzerkl\u00e4rung gesondert und ausf\u00fchrlich informieren.<\/p>\n<p><strong>4. Erhebung von Zugriffsdaten und Logfiles<\/strong><\/p>\n<p>Bereits beim Besuch unserer Website werden bestimmte Daten von uns bzw. unserem Hosting-Dienstleister verarbeitet.<\/p>\n<p>Folgende Informationen werden dabei ohne Ihr Zutun erfasst und bis zur automatisierten L\u00f6schung gespeichert:<\/p>\n<ul>\n<li>IP-Adresse des anfragenden Rechners,<\/li>\n<li>Datum und Uhrzeit des Zugriffs,<\/li>\n<li>Name und URL der abgerufenen Datei,<\/li>\n<li>verwendeter Browser und ggf. das Betriebssystem Ihres Rechners sowie<br \/>\nder Name Ihres Access-Providers.<\/li>\n<\/ul>\n<p>Die genannten Daten werden durch uns auf Grundlage unseres berechtigten Interesses zu folgenden Zwecken verarbeitet:<\/p>\n<ul>\n<li>Gew\u00e4hrleistung eines reibungslosen Verbindungsaufbaus der Website,<\/li>\n<li>Gew\u00e4hrleistung einer komfortablen Nutzung unserer Website,<\/li>\n<li>Auswertung der Systemsicherheit und -stabilit\u00e4t sowie<\/li>\n<li>zu weiteren administrativen Zwecken.<\/li>\n<\/ul>\n<p>Unverz\u00fcglich nach Benutzung unserer Website, werden die Daten gel\u00f6scht.<\/p>\n<p><strong>5. Registrierfunktion und weitere Angebote<\/strong><\/p>\n<p>Unser Angebot erm\u00f6glicht Ihnen die Anlegung eines Benutzerkontos. Welche Daten f\u00fcr die Registrierung erforderlich sind, wird Ihnen im Rahmen der Registrierung mitgeteilt. Diese Daten werden gespeichert, bis Sie ihr Nutzerkonto l\u00f6schen, es sei denn die Aufbewahrung ist aus handels- oder steuerrechtlichen Gr\u00fcnden entsprechend Art. 6 Abs. 1 lit. c DSGVO notwendig.<\/p>\n<\/div><\/section><\/div><div class=\"flex_column av_one_half  flex_column_div av-zero-column-padding   \" style='border-radius:0px; '><section class=\"av_textblock_section \"  itemscope=\"itemscope\" itemtype=\"https:\/\/schema.org\/CreativeWork\" ><div class='avia_textblock  av_inherit_color '  style='color:#000000; '  itemprop=\"text\" ><p><strong>6. Kontaktaufnahme<\/strong><\/p>\n<p>Wenn Sie mit uns Kontakt aufnehmen, beispielsweise per E-Mail oder Kontaktformular, werden personenbezogene Daten erhoben. Welche Daten erhoben werden, wenn das Kontaktformular genutzt wird, ergibt sich aus dem jeweiligen Kontaktformular. Die erhobenen Daten werden ausschlie\u00dflich zu dem Zweck gespeichert, Ihr Anliegen zu beantworten, bzw. mit Ihnen zur Beantwortung Ihres Anliegens Kontakt aufnehmen zu k\u00f6nnen. Rechtsgrundlage f\u00fcr die Verarbeitung dieser Daten ist Art. 6 Abs. 1 lit. f DSGVO, wobei unser berechtigtes Interesse die Beantwortung Ihres Anliegens ist.<\/p>\n<p><strong>7. weitere eingebundene Inhalte und Dienste Dritter<\/strong><\/p>\n<p><strong>a) externe Dienstleister<\/strong><\/p>\n<p>F\u00fcr die Zurverf\u00fcgungstellung unseres Onlineangebots nutzen wir einen Dienstleister f\u00fcr Hosting-Dienste. Dies dient der Zurverf\u00fcgungstellung von u.a. Rechenkapazit\u00e4t, Speicherplatz, Sicherheitsleistungen, also Leistungen, die zum Betrieb dieser Website erforderlich sind. Dies stellt auch unser berechtigtes Interesse i.S.d. Art. 6 Abs. 1 lif. F DSGVO dar. Unser Dienstleister ist die Ion-Net GmbH \u00b7 Bunsenstrasse 1a \u00b7 51647 Gummersbach. Die Datenschutzerkl\u00e4rung unseres Dienstleisters finden Sie unter http:\/\/www.ion-net.de\/window.php?page=datenschutz.php.<\/p>\n<p><strong>b) Tools und Sonstiges<\/strong><\/p>\n<p>Innerhalb unserer Website nutzen wir Inhalts- und Serviceangebote von Drittanbietern. Wir nutzen diese auf Grundlage unseres berechtigten Interesses an einer Optimierung und dem wirtschaftlichen Betrieb unserer Website (Art. 6 Abs. 1 lif. f DSGVO).<\/p>\n<p>Damit die Inhalte in unsere Website von dem Drittanbieter angezeigt werden k\u00f6nnen, ist es erforderlich, dass Ihre IP-Adresse von dem Dritten wahrgenommen wird. Denn nur so ist er in der Lage, die Inhalte an Ihren Browser zu senden.<\/p>\n<h4>Google Fonts<\/h4>\n<p>Wir binden Schriftarten (Google Fonts) des Anbieters Google LLC, 1600 Amphitheatre Parkway, Mountain View, CA 94043, USA, ein. Die Nutzung von Google Web Fonts erm\u00f6glicht uns, eine einheitliche Darstellung unseres Onlineangebots zu garantieren und stellt damit ein berechtigtes Interesse i.S.d. Art. 6 Abs. 1 lit. f DSGVO dar.<\/p>\n<p>Hierzu ist es notwendig, dass Ihr Browser eine Verbindung mit den Servern von Google herstellt. Dabei erlangt Google wiederum von Ihrer IP-Adresse Kenntnis. Anschlie\u00dfend l\u00e4dt Ihr Browser die Web Fonts in Ihren Browser-Cache.<\/p>\n<p>Weitere Informationen zu Google Web Fonts finden Sie unter <a href=\"https:\/\/developers.google.com\/fonts\/faq\">https:\/\/developers.google.com\/fonts\/faq<\/a> und in der Datenschutzerkl\u00e4rung von Google: <a href=\"https:\/\/www.google.com\/policies\/privacy\">https:\/\/www.google.com\/policies\/privacy<\/a> .<\/p>\n<p>Google LLC mit Sitz in den USA ist f\u00fcr das us-europ\u00e4ische \u201ePrivacy Shield\u201c zertifiziert; hierbei handelt es sich um ein Datenschutz\u00fcbereinkommen. Damit soll die Einhaltung des in der EU geltenden Datenschutzniveaus gew\u00e4hrleistet werden.<\/p>\n<p><strong>8. Betroffenenrechte<\/strong><\/p>\n<p>Das geltende Datenschutzrecht gew\u00e4hrt Ihnen umfassende Betroffenenrechte. Ihnen stehen gesetzliche Anspr\u00fcche auf Auskunft, Berichtigung, L\u00f6schung, Einschr\u00e4nkung der Verarbeitung und Widerspruch gegen die Verarbeitung sowie ein Recht auf Daten\u00fcbertragbarkeit zu. Au\u00dferdem k\u00f6nnen Sie eine gegebenenfalls abgegebene Einwilligung in die Verarbeitung jederzeit widerrufen und sich bei einer Aufsichtsbeh\u00f6rde beschweren.<\/p>\n<p><strong>a) Widerspruchsrecht bzw. Widerruf von Einwilligungen<\/strong><\/p>\n<p>Soweit wir Ihre Daten aufgrund unseres \u00fcberwiegenden berechtigten Interesses verarbeiten, haben Sie jederzeit das Recht, aus Gr\u00fcnden, die sich aus Ihrer besonderen Situation ergeben, gegen diese Verarbeitung Widerspruch mit Wirkung f\u00fcr die Zukunft einzulegen.<\/p>\n<p>Wir werden diese Daten dann nicht mehr verarbeiten, es sei denn, es bestehen zwingende schutzw\u00fcrdige Gr\u00fcnde f\u00fcr die Verarbeitung, die Ihre Interessen \u00fcberwiegen oder die Verarbeitung ist f\u00fcr die Geltendmachung, Aus\u00fcbung oder Verteidigung von Rechtsanspr\u00fcchen notwendig. Wir werden dann aber die Verarbeitung so weit wie m\u00f6glich einschr\u00e4nken.<\/p>\n<p>Verarbeiten wir Ihre Daten aufgrund einer Einwilligung, haben Sie jederzeit das Recht, dieser Verarbeitung zu widersprechen. Machen Sie von diesem Recht Gebrauch, beenden wir die Verarbeitung<\/p>\n<p>Bitte wenden Sie sich um Ihr Widerspruchsrecht geltend zu machen bzw. Ihre Einwilligung zu widerrufen an<\/p>\n<p>E-Mail: info@natur-und-sport.de<\/p>\n<p><strong>b) Beschwerde bei der Aufsichtsbeh\u00f6rde<\/strong><\/p>\n<p>Wenn Sie der Meinung sind, dass die Verarbeitung Ihrer personenbezogenen Daten nicht den gesetzlichen Vorgaben entspricht, haben Sie die M\u00f6glichkeit, sich bei einer Aufsichtsbeh\u00f6rde zu beschweren. Dies k\u00f6nnen Sie zum Beispiel bei der f\u00fcr uns zust\u00e4ndigen Aufsichtsbeh\u00f6rde tun.<\/p>\n<p>Die f\u00fcr uns zust\u00e4ndige Aufsichtsbeh\u00f6rde ist:<\/p>\n<p>Landesbeauftragte f\u00fcr Datenschutz und Informationsfreiheit<br \/>\nNordrhein-Westfalen<br \/>\nPostfach 20 04 44<br \/>\n40102 D\u00fcsseldorf<\/p>\n<p>Tel.: 0211\/38424-0<br \/>\nFax: 0211\/38424-10<\/p>\n<p>E-Mail:\u00a0<strong><a href=\"mailto:%20poststelle@ldi.nrw.de\">poststelle@ldi.nrw.de<\/a><\/strong><\/p>\n<p><strong>c) Geltendmachung sonstiger Betroffenenrechte<\/strong><\/p>\n<p>Bei einem Auskunftsersuchen \u00fcber die bez\u00fcglich Ihrer Person gespeicherten Daten oder f\u00fcr die Geltendmachung sonstiger Betroffenenrechte wenden Sie sich bitte an<\/p>\n<p><a href=\"mailto:info@buschbeck.de\">E-Mail: info@natur-und-sport.de<\/a><\/p>\n<p><strong>9. Dauer der Speicherung personenbezogener Daten<\/strong><\/p>\n<p>Wir speichern Ihre Daten grunds\u00e4tzlich nur so lange, wie die Verarbeitung f\u00fcr den Zweck notwendig ist, zu dem die Daten urspr\u00fcnglich erhoben wurden. Wir speichern Ihre personenbezogenen Daten maximal so lange, wie die jeweiligen gesetzlichen Aufbewahrungsfristen dies vorsehen. Wir speichern Ihre Daten daher f\u00fcr 6 Jahre gem\u00e4\u00df \u00a7 257 Abs. 1 HGB sowie f\u00fcr 10 Jahre gem\u00e4\u00df \u00a7 147 Abs. 1 AO.<\/p>\n<p>Nach Ablauf der Frist werden Ihre Daten routinem\u00e4\u00dfig gel\u00f6scht, sofern sie nicht zur Vertragserf\u00fcllung oder -anbahnung erforderlich sind und f\u00fcr uns kein berechtigtes Interesse an einer weiteren Verarbeitung besteht.<\/p>\n<p><strong>10. \u00c4nderung der Datenschutzbestimmungen<\/strong><\/p>\n<p>Wir behalten uns das Recht vor, unsere Sicherheits- und Datenschutzma\u00dfnahmen zu ver\u00e4ndern, soweit dies wegen der technischen Entwicklung erforderlich wird und wenn wir neue Produkte und\/oder Dienstleistungen in unsere Website einf\u00fchren. In diesen F\u00e4llen werden wir auch unsere Hinweise zum Datenschutz entsprechend anpassen. Bitte beachten Sie daher die jeweils aktuelle Version unserer Datenschutzerkl\u00e4rung.<\/p>\n<p><strong>11. Geltungsbereich<\/strong><\/p>\n<p>Diese Datenschutzerkl\u00e4rung gilt f\u00fcr diese Website. Sie hat keine G\u00fcltigkeit mehr, wenn Sie die Webseite durch einen Link oder auf sonstige Weise verlassen und sich auf eine andere Webseite begeben.<\/p>\n<\/div><\/section><\/div><\/p>\n","protected":false},"excerpt":{"rendered":"","protected":false},"author":1,"featured_media":0,"parent":0,"menu_order":0,"comment_status":"closed","ping_status":"closed","template":"","meta":[],"_links":{"self":[{"href":"https:\/\/natur-und-sport.de\/index.php\/wp-json\/wp\/v2\/pages\/699"}],"collection":[{"href":"https:\/\/natur-und-sport.de\/index.php\/wp-json\/wp\/v2\/pages"}],"about":[{"href":"https:\/\/natur-und-sport.de\/index.php\/wp-json\/wp\/v2\/types\/page"}],"author":[{"embeddable":true,"href":"https:\/\/natur-und-sport.de\/index.php\/wp-json\/wp\/v2\/users\/1"}],"replies":[{"embeddable":true,"href":"https:\/\/natur-und-sport.de\/index.php\/wp-json\/wp\/v2\/comments?post=699"}],"version-history":[{"count":4,"href":"https:\/\/natur-und-sport.de\/index.php\/wp-json\/wp\/v2\/pages\/699\/revisions"}],"predecessor-version":[{"id":922,"href":"https:\/\/natur-und-sport.de\/index.php\/wp-json\/wp\/v2\/pages\/699\/revisions\/922"}],"wp:attachment":[{"href":"https:\/\/natur-und-sport.de\/index.php\/wp-json\/wp\/v2\/media?parent=699"}],"curies":[{"name":"wp","href":"https:\/\/api.w.org\/{rel}","templated":true}]}}